{"id":6325114,"date":"2020-08-02T13:55:01","date_gmt":"2020-08-02T13:55:01","guid":{"rendered":"https:\/\/agmais.pt\/?post_type=product&#038;p=6325114"},"modified":"2020-08-25T21:11:58","modified_gmt":"2020-08-25T21:11:58","slug":"pack-a-gestao-crise","status":"publish","type":"product","link":"https:\/\/agmais.pt\/en\/produto\/pack-a-gestao-crise\/","title":{"rendered":"PACK A &#8211; Gest\u00e3o de crise"},"content":{"rendered":"","protected":false},"excerpt":{"rendered":"<p class=\"subtitle\">Elabora\u00e7\u00e3o de planos de gest\u00e3o de crise e apoio na implementa\u00e7\u00e3o<\/p>\n<p><\/br><\/p>\n","protected":false},"featured_media":6325188,"comment_status":"open","ping_status":"closed","template":"","meta":{"_acf_changed":false},"product_brand":[],"product_cat":[181,65],"product_tag":[],"class_list":{"0":"post-6325114","1":"product","2":"type-product","3":"status-publish","4":"has-post-thumbnail","6":"product_cat-comunicacao","7":"product_cat-crise","9":"first","10":"instock","11":"virtual","12":"taxable","13":"purchasable","14":"product-type-simple"},"acf":[],"jetpack_sharing_enabled":true,"_links":{"self":[{"href":"https:\/\/agmais.pt\/en\/wp-json\/wp\/v2\/product\/6325114","targetHints":{"allow":["GET"]}}],"collection":[{"href":"https:\/\/agmais.pt\/en\/wp-json\/wp\/v2\/product"}],"about":[{"href":"https:\/\/agmais.pt\/en\/wp-json\/wp\/v2\/types\/product"}],"replies":[{"embeddable":true,"href":"https:\/\/agmais.pt\/en\/wp-json\/wp\/v2\/comments?post=6325114"}],"wp:featuredmedia":[{"embeddable":true,"href":"https:\/\/agmais.pt\/en\/wp-json\/wp\/v2\/media\/6325188"}],"wp:attachment":[{"href":"https:\/\/agmais.pt\/en\/wp-json\/wp\/v2\/media?parent=6325114"}],"wp:term":[{"taxonomy":"product_brand","embeddable":true,"href":"https:\/\/agmais.pt\/en\/wp-json\/wp\/v2\/product_brand?post=6325114"},{"taxonomy":"product_cat","embeddable":true,"href":"https:\/\/agmais.pt\/en\/wp-json\/wp\/v2\/product_cat?post=6325114"},{"taxonomy":"product_tag","embeddable":true,"href":"https:\/\/agmais.pt\/en\/wp-json\/wp\/v2\/product_tag?post=6325114"}],"curies":[{"name":"wp","href":"https:\/\/api.w.org\/{rel}","templated":true}]}}