{"id":6325138,"date":"2020-08-04T21:51:48","date_gmt":"2020-08-04T21:51:48","guid":{"rendered":"https:\/\/agmais.pt\/?post_type=product&#038;p=6325138"},"modified":"2020-08-22T19:22:42","modified_gmt":"2020-08-22T19:22:42","slug":"pack-b-anuncios","status":"publish","type":"product","link":"https:\/\/agmais.pt\/en\/produto\/pack-b-anuncios\/","title":{"rendered":"PACK B &#8211; An\u00fancios"},"content":{"rendered":"","protected":false},"excerpt":{"rendered":"<p class=\"subtitle\">Cria\u00e7\u00e3o de an\u00fancio para website ou redes sociais (vari\u00e1vel consoante complexidade do an\u00fancio)<\/p>\n<p><\/br><\/p>\n","protected":false},"featured_media":6325156,"comment_status":"open","ping_status":"closed","template":"","meta":{"_acf_changed":false},"product_brand":[],"product_cat":[184,69],"product_tag":[],"class_list":{"0":"post-6325138","1":"product","2":"type-product","3":"status-publish","4":"has-post-thumbnail","6":"product_cat-redes-sociais","7":"product_cat-web","9":"first","10":"instock","11":"virtual","12":"taxable","13":"purchasable","14":"product-type-simple"},"acf":[],"jetpack_sharing_enabled":true,"_links":{"self":[{"href":"https:\/\/agmais.pt\/en\/wp-json\/wp\/v2\/product\/6325138","targetHints":{"allow":["GET"]}}],"collection":[{"href":"https:\/\/agmais.pt\/en\/wp-json\/wp\/v2\/product"}],"about":[{"href":"https:\/\/agmais.pt\/en\/wp-json\/wp\/v2\/types\/product"}],"replies":[{"embeddable":true,"href":"https:\/\/agmais.pt\/en\/wp-json\/wp\/v2\/comments?post=6325138"}],"wp:featuredmedia":[{"embeddable":true,"href":"https:\/\/agmais.pt\/en\/wp-json\/wp\/v2\/media\/6325156"}],"wp:attachment":[{"href":"https:\/\/agmais.pt\/en\/wp-json\/wp\/v2\/media?parent=6325138"}],"wp:term":[{"taxonomy":"product_brand","embeddable":true,"href":"https:\/\/agmais.pt\/en\/wp-json\/wp\/v2\/product_brand?post=6325138"},{"taxonomy":"product_cat","embeddable":true,"href":"https:\/\/agmais.pt\/en\/wp-json\/wp\/v2\/product_cat?post=6325138"},{"taxonomy":"product_tag","embeddable":true,"href":"https:\/\/agmais.pt\/en\/wp-json\/wp\/v2\/product_tag?post=6325138"}],"curies":[{"name":"wp","href":"https:\/\/api.w.org\/{rel}","templated":true}]}}