{"id":6325147,"date":"2020-08-09T15:50:19","date_gmt":"2020-08-09T15:50:19","guid":{"rendered":"https:\/\/agmais.pt\/?post_type=product&#038;p=6325147"},"modified":"2022-05-12T01:12:56","modified_gmt":"2022-05-12T01:12:56","slug":"pack-e-logotipo-manual","status":"publish","type":"product","link":"https:\/\/agmais.pt\/en\/produto\/pack-e-logotipo-manual\/","title":{"rendered":"PACK E &#8211; Logotipo + Manual de Normas"},"content":{"rendered":"","protected":false},"excerpt":{"rendered":"<p class=\"subtitle\">Estudo \/ Cria\u00e7\u00e3o de log\u00f3tipo em formato vetorial (3 propostas com revis\u00e3o do cliente) + Manual de Normas Gr\u00e1ficas completo<\/p>\n<p><\/br><\/p>\n","protected":false},"featured_media":6325152,"comment_status":"open","ping_status":"closed","template":"","meta":{"_acf_changed":false},"product_brand":[],"product_cat":[185,67],"product_tag":[],"class_list":{"0":"post-6325147","1":"product","2":"type-product","3":"status-publish","4":"has-post-thumbnail","6":"product_cat-branding","7":"product_cat-design","9":"first","10":"instock","11":"virtual","12":"taxable","13":"purchasable","14":"product-type-simple"},"acf":[],"jetpack_sharing_enabled":true,"_links":{"self":[{"href":"https:\/\/agmais.pt\/en\/wp-json\/wp\/v2\/product\/6325147","targetHints":{"allow":["GET"]}}],"collection":[{"href":"https:\/\/agmais.pt\/en\/wp-json\/wp\/v2\/product"}],"about":[{"href":"https:\/\/agmais.pt\/en\/wp-json\/wp\/v2\/types\/product"}],"replies":[{"embeddable":true,"href":"https:\/\/agmais.pt\/en\/wp-json\/wp\/v2\/comments?post=6325147"}],"wp:featuredmedia":[{"embeddable":true,"href":"https:\/\/agmais.pt\/en\/wp-json\/wp\/v2\/media\/6325152"}],"wp:attachment":[{"href":"https:\/\/agmais.pt\/en\/wp-json\/wp\/v2\/media?parent=6325147"}],"wp:term":[{"taxonomy":"product_brand","embeddable":true,"href":"https:\/\/agmais.pt\/en\/wp-json\/wp\/v2\/product_brand?post=6325147"},{"taxonomy":"product_cat","embeddable":true,"href":"https:\/\/agmais.pt\/en\/wp-json\/wp\/v2\/product_cat?post=6325147"},{"taxonomy":"product_tag","embeddable":true,"href":"https:\/\/agmais.pt\/en\/wp-json\/wp\/v2\/product_tag?post=6325147"}],"curies":[{"name":"wp","href":"https:\/\/api.w.org\/{rel}","templated":true}]}}