{"id":6325148,"date":"2020-08-09T16:11:21","date_gmt":"2020-08-09T16:11:21","guid":{"rendered":"https:\/\/agmais.pt\/?post_type=product&#038;p=6325148"},"modified":"2022-04-15T18:06:01","modified_gmt":"2022-04-15T18:06:01","slug":"pack-f-logotipo-estacionario-manual","status":"publish","type":"product","link":"https:\/\/agmais.pt\/en\/produto\/pack-f-logotipo-estacionario-manual\/","title":{"rendered":"Pack F &#8211; Logotipo + Estacion\u00e1rio + Manual de Normas"},"content":{"rendered":"","protected":false},"excerpt":{"rendered":"<p class=\"subtitle\">Cria\u00e7\u00e3o de log\u00f3tipo em formato vetorial (3 propostas com revis\u00e3o do cliente) + Estacion\u00e1rio completo + Manual de Normas Gr\u00e1ficas<\/p>\n<p><\/br><\/p>\n<p>Inclui:<\/p>\n<ul>\n<li>Cart\u00e3o de visita<\/li>\n<li>Envelope standard<\/li>\n<li>Envelope A4<\/li>\n<li>Papel de carta (A4, A5)<\/li>\n<li>Pastas<\/li>\n<li>Carimbos<\/li>\n<li>Exemplos de aplica\u00e7\u00e3o em merchandising<\/li>\n<\/ul>\n<p><\/br><\/p>\n","protected":false},"featured_media":6325152,"comment_status":"open","ping_status":"closed","template":"","meta":{"_acf_changed":false},"product_brand":[],"product_cat":[185,67],"product_tag":[],"class_list":{"0":"post-6325148","1":"product","2":"type-product","3":"status-publish","4":"has-post-thumbnail","6":"product_cat-branding","7":"product_cat-design","9":"first","10":"instock","11":"virtual","12":"taxable","13":"purchasable","14":"product-type-simple"},"acf":[],"jetpack_sharing_enabled":true,"_links":{"self":[{"href":"https:\/\/agmais.pt\/en\/wp-json\/wp\/v2\/product\/6325148","targetHints":{"allow":["GET"]}}],"collection":[{"href":"https:\/\/agmais.pt\/en\/wp-json\/wp\/v2\/product"}],"about":[{"href":"https:\/\/agmais.pt\/en\/wp-json\/wp\/v2\/types\/product"}],"replies":[{"embeddable":true,"href":"https:\/\/agmais.pt\/en\/wp-json\/wp\/v2\/comments?post=6325148"}],"wp:featuredmedia":[{"embeddable":true,"href":"https:\/\/agmais.pt\/en\/wp-json\/wp\/v2\/media\/6325152"}],"wp:attachment":[{"href":"https:\/\/agmais.pt\/en\/wp-json\/wp\/v2\/media?parent=6325148"}],"wp:term":[{"taxonomy":"product_brand","embeddable":true,"href":"https:\/\/agmais.pt\/en\/wp-json\/wp\/v2\/product_brand?post=6325148"},{"taxonomy":"product_cat","embeddable":true,"href":"https:\/\/agmais.pt\/en\/wp-json\/wp\/v2\/product_cat?post=6325148"},{"taxonomy":"product_tag","embeddable":true,"href":"https:\/\/agmais.pt\/en\/wp-json\/wp\/v2\/product_tag?post=6325148"}],"curies":[{"name":"wp","href":"https:\/\/api.w.org\/{rel}","templated":true}]}}