{"id":6325150,"date":"2020-08-09T16:51:50","date_gmt":"2020-08-09T16:51:50","guid":{"rendered":"https:\/\/agmais.pt\/?post_type=product&#038;p=6325150"},"modified":"2020-08-22T15:37:30","modified_gmt":"2020-08-22T15:37:30","slug":"cartao-de-visita-frente-verso","status":"publish","type":"product","link":"https:\/\/agmais.pt\/en\/produto\/cartao-de-visita-frente-verso\/","title":{"rendered":"Cart\u00e3o de visita (frente e verso)"},"content":{"rendered":"","protected":false},"excerpt":{"rendered":"<p class=\"subtitle\">Estudo \/ Cria\u00e7\u00e3o de cart\u00e3o de visita (frente e verso) em formato vetorial (3 propostas com revis\u00e3o do cliente)<\/p>\n<p><\/br><\/p>\n","protected":false},"featured_media":6325152,"comment_status":"open","ping_status":"closed","template":"","meta":{"_acf_changed":false},"product_brand":[],"product_cat":[185,67],"product_tag":[],"class_list":{"0":"post-6325150","1":"product","2":"type-product","3":"status-publish","4":"has-post-thumbnail","6":"product_cat-branding","7":"product_cat-design","9":"first","10":"instock","11":"virtual","12":"taxable","13":"purchasable","14":"product-type-simple"},"acf":[],"jetpack_sharing_enabled":true,"_links":{"self":[{"href":"https:\/\/agmais.pt\/en\/wp-json\/wp\/v2\/product\/6325150","targetHints":{"allow":["GET"]}}],"collection":[{"href":"https:\/\/agmais.pt\/en\/wp-json\/wp\/v2\/product"}],"about":[{"href":"https:\/\/agmais.pt\/en\/wp-json\/wp\/v2\/types\/product"}],"replies":[{"embeddable":true,"href":"https:\/\/agmais.pt\/en\/wp-json\/wp\/v2\/comments?post=6325150"}],"wp:featuredmedia":[{"embeddable":true,"href":"https:\/\/agmais.pt\/en\/wp-json\/wp\/v2\/media\/6325152"}],"wp:attachment":[{"href":"https:\/\/agmais.pt\/en\/wp-json\/wp\/v2\/media?parent=6325150"}],"wp:term":[{"taxonomy":"product_brand","embeddable":true,"href":"https:\/\/agmais.pt\/en\/wp-json\/wp\/v2\/product_brand?post=6325150"},{"taxonomy":"product_cat","embeddable":true,"href":"https:\/\/agmais.pt\/en\/wp-json\/wp\/v2\/product_cat?post=6325150"},{"taxonomy":"product_tag","embeddable":true,"href":"https:\/\/agmais.pt\/en\/wp-json\/wp\/v2\/product_tag?post=6325150"}],"curies":[{"name":"wp","href":"https:\/\/api.w.org\/{rel}","templated":true}]}}