{"id":6325098,"date":"2020-08-01T23:38:08","date_gmt":"2020-08-01T23:38:08","guid":{"rendered":"https:\/\/agmais.pt\/?post_type=product&#038;p=6325098"},"modified":"2020-08-25T21:38:08","modified_gmt":"2020-08-25T21:38:08","slug":"pack-c-plataformas-seo-sea-e-online-marketing","status":"publish","type":"product","link":"https:\/\/agmais.pt\/es\/producto\/pack-c-plataformas-seo-sea-e-online-marketing\/","title":{"rendered":"PACK C &#8211; Plataformas SEO, SEA e online marketing"},"content":{"rendered":"","protected":false},"excerpt":{"rendered":"<p class=\"subtitle\">Estrat\u00e9gia de marketing digital com gest\u00e3o di\u00e1ria, mensal ou anual (valor mensal vari\u00e1vel consoante periodicidade e complexidade de conte\u00fados &#8211; fideliza\u00e7\u00e3o de 12 meses)<\/p>\n<p><\/br><\/p>\n","protected":false},"featured_media":6325193,"comment_status":"open","ping_status":"closed","template":"","meta":{"_acf_changed":false},"product_brand":[],"product_cat":[179,180],"product_tag":[],"class_list":{"0":"post-6325098","1":"product","2":"type-product","3":"status-publish","4":"has-post-thumbnail","6":"product_cat-marketing","7":"product_cat-marketing-digital","9":"first","10":"instock","11":"virtual","12":"taxable","13":"purchasable","14":"product-type-simple"},"acf":[],"jetpack_sharing_enabled":true,"_links":{"self":[{"href":"https:\/\/agmais.pt\/es\/wp-json\/wp\/v2\/product\/6325098","targetHints":{"allow":["GET"]}}],"collection":[{"href":"https:\/\/agmais.pt\/es\/wp-json\/wp\/v2\/product"}],"about":[{"href":"https:\/\/agmais.pt\/es\/wp-json\/wp\/v2\/types\/product"}],"replies":[{"embeddable":true,"href":"https:\/\/agmais.pt\/es\/wp-json\/wp\/v2\/comments?post=6325098"}],"wp:featuredmedia":[{"embeddable":true,"href":"https:\/\/agmais.pt\/es\/wp-json\/wp\/v2\/media\/6325193"}],"wp:attachment":[{"href":"https:\/\/agmais.pt\/es\/wp-json\/wp\/v2\/media?parent=6325098"}],"wp:term":[{"taxonomy":"product_brand","embeddable":true,"href":"https:\/\/agmais.pt\/es\/wp-json\/wp\/v2\/product_brand?post=6325098"},{"taxonomy":"product_cat","embeddable":true,"href":"https:\/\/agmais.pt\/es\/wp-json\/wp\/v2\/product_cat?post=6325098"},{"taxonomy":"product_tag","embeddable":true,"href":"https:\/\/agmais.pt\/es\/wp-json\/wp\/v2\/product_tag?post=6325098"}],"curies":[{"name":"wp","href":"https:\/\/api.w.org\/{rel}","templated":true}]}}