{"id":6325133,"date":"2020-08-03T17:15:16","date_gmt":"2020-08-03T17:15:16","guid":{"rendered":"https:\/\/agmais.pt\/?post_type=product&#038;p=6325133"},"modified":"2021-03-27T22:41:28","modified_gmt":"2021-03-27T22:41:28","slug":"alojamento-manutencao-de-website","status":"publish","type":"product","link":"https:\/\/agmais.pt\/es\/producto\/alojamento-manutencao-de-website\/","title":{"rendered":"Alojamento e manuten\u00e7\u00e3o de website"},"content":{"rendered":"","protected":false},"excerpt":{"rendered":"<p class=\"subtitle\">Alojamento em espa\u00e7o web com limite a acordar com o cliente e manuten\u00e7\u00e3o do website atrav\u00e9s de apoio no backoffice (valor mensal vari\u00e1vel consoante periodicidade e complexidade de gest\u00e3o &#8211; fideliza\u00e7\u00e3o de 12 meses)<\/p>\n<p><\/br><\/p>\n","protected":false},"featured_media":6325171,"comment_status":"open","ping_status":"closed","template":"","meta":{"_acf_changed":false},"product_brand":[],"product_cat":[69,183],"product_tag":[],"class_list":{"0":"post-6325133","1":"product","2":"type-product","3":"status-publish","4":"has-post-thumbnail","6":"product_cat-web","7":"product_cat-websites","9":"first","10":"instock","11":"virtual","12":"taxable","13":"purchasable","14":"product-type-simple"},"acf":[],"jetpack_sharing_enabled":true,"_links":{"self":[{"href":"https:\/\/agmais.pt\/es\/wp-json\/wp\/v2\/product\/6325133","targetHints":{"allow":["GET"]}}],"collection":[{"href":"https:\/\/agmais.pt\/es\/wp-json\/wp\/v2\/product"}],"about":[{"href":"https:\/\/agmais.pt\/es\/wp-json\/wp\/v2\/types\/product"}],"replies":[{"embeddable":true,"href":"https:\/\/agmais.pt\/es\/wp-json\/wp\/v2\/comments?post=6325133"}],"wp:featuredmedia":[{"embeddable":true,"href":"https:\/\/agmais.pt\/es\/wp-json\/wp\/v2\/media\/6325171"}],"wp:attachment":[{"href":"https:\/\/agmais.pt\/es\/wp-json\/wp\/v2\/media?parent=6325133"}],"wp:term":[{"taxonomy":"product_brand","embeddable":true,"href":"https:\/\/agmais.pt\/es\/wp-json\/wp\/v2\/product_brand?post=6325133"},{"taxonomy":"product_cat","embeddable":true,"href":"https:\/\/agmais.pt\/es\/wp-json\/wp\/v2\/product_cat?post=6325133"},{"taxonomy":"product_tag","embeddable":true,"href":"https:\/\/agmais.pt\/es\/wp-json\/wp\/v2\/product_tag?post=6325133"}],"curies":[{"name":"wp","href":"https:\/\/api.w.org\/{rel}","templated":true}]}}