{"id":5671043,"date":"2017-10-02T07:17:05","date_gmt":"2017-10-02T07:17:05","guid":{"rendered":"https:\/\/norebro.clbthemes.com\/demo27\/?post_type=product&#038;p=68"},"modified":"2020-12-16T00:10:05","modified_gmt":"2020-12-16T00:10:05","slug":"packa-estudo-mercado","status":"publish","type":"product","link":"https:\/\/agmais.pt\/fr\/produit\/packa-estudo-mercado\/","title":{"rendered":"PACK A &#8211; Estudo de mercado"},"content":{"rendered":"<p>An\u00e1lise do mercado e concorr\u00eancia (at\u00e9 10 empresas)<\/p>\n","protected":false},"excerpt":{"rendered":"<p>An\u00e1lise do mercado e concorr\u00eancia (at\u00e9 10 empresas)<\/p>\n","protected":false},"featured_media":6325207,"comment_status":"open","ping_status":"closed","template":"","meta":{"_acf_changed":false},"product_brand":[],"product_cat":[50,179],"product_tag":[37,31],"class_list":{"0":"post-5671043","1":"product","2":"type-product","3":"status-publish","4":"has-post-thumbnail","6":"product_cat-estudos-mercado","7":"product_cat-marketing","8":"product_tag-estudos-mercado","9":"product_tag-marketing","11":"first","12":"instock","13":"virtual","14":"taxable","15":"purchasable","16":"product-type-simple"},"acf":[],"jetpack_sharing_enabled":true,"_links":{"self":[{"href":"https:\/\/agmais.pt\/fr\/wp-json\/wp\/v2\/product\/5671043","targetHints":{"allow":["GET"]}}],"collection":[{"href":"https:\/\/agmais.pt\/fr\/wp-json\/wp\/v2\/product"}],"about":[{"href":"https:\/\/agmais.pt\/fr\/wp-json\/wp\/v2\/types\/product"}],"replies":[{"embeddable":true,"href":"https:\/\/agmais.pt\/fr\/wp-json\/wp\/v2\/comments?post=5671043"}],"wp:featuredmedia":[{"embeddable":true,"href":"https:\/\/agmais.pt\/fr\/wp-json\/wp\/v2\/media\/6325207"}],"wp:attachment":[{"href":"https:\/\/agmais.pt\/fr\/wp-json\/wp\/v2\/media?parent=5671043"}],"wp:term":[{"taxonomy":"product_brand","embeddable":true,"href":"https:\/\/agmais.pt\/fr\/wp-json\/wp\/v2\/product_brand?post=5671043"},{"taxonomy":"product_cat","embeddable":true,"href":"https:\/\/agmais.pt\/fr\/wp-json\/wp\/v2\/product_cat?post=5671043"},{"taxonomy":"product_tag","embeddable":true,"href":"https:\/\/agmais.pt\/fr\/wp-json\/wp\/v2\/product_tag?post=5671043"}],"curies":[{"name":"wp","href":"https:\/\/api.w.org\/{rel}","templated":true}]}}