{"id":6325065,"date":"2020-07-29T23:32:57","date_gmt":"2020-07-29T23:32:57","guid":{"rendered":"https:\/\/agmais.pt\/?post_type=product&#038;p=6325065"},"modified":"2020-12-04T14:49:49","modified_gmt":"2020-12-04T14:49:49","slug":"pack-a-planeamento-de-marketing","status":"publish","type":"product","link":"https:\/\/agmais.pt\/fr\/produit\/pack-a-planeamento-de-marketing\/","title":{"rendered":"PACK A &#8211; Planeamento de marketing"},"content":{"rendered":"","protected":false},"excerpt":{"rendered":"<p>Consultoria de marketing: elabora\u00e7\u00e3o de planos de marketing e apoio na implementa\u00e7\u00e3o \u2013 estrat\u00e9gias de publicidade, marketing direto, eventos, rela\u00e7\u00f5es p\u00fablicas, vendas (at\u00e9 5 produtos)<\/p>\n","protected":false},"featured_media":6325202,"comment_status":"open","ping_status":"closed","template":"","meta":{"_acf_changed":false},"product_brand":[],"product_cat":[179,52],"product_tag":[],"class_list":{"0":"post-6325065","1":"product","2":"type-product","3":"status-publish","4":"has-post-thumbnail","6":"product_cat-marketing","7":"product_cat-planos-marketing","9":"first","10":"instock","11":"virtual","12":"taxable","13":"purchasable","14":"product-type-simple"},"acf":[],"jetpack_sharing_enabled":true,"_links":{"self":[{"href":"https:\/\/agmais.pt\/fr\/wp-json\/wp\/v2\/product\/6325065","targetHints":{"allow":["GET"]}}],"collection":[{"href":"https:\/\/agmais.pt\/fr\/wp-json\/wp\/v2\/product"}],"about":[{"href":"https:\/\/agmais.pt\/fr\/wp-json\/wp\/v2\/types\/product"}],"replies":[{"embeddable":true,"href":"https:\/\/agmais.pt\/fr\/wp-json\/wp\/v2\/comments?post=6325065"}],"wp:featuredmedia":[{"embeddable":true,"href":"https:\/\/agmais.pt\/fr\/wp-json\/wp\/v2\/media\/6325202"}],"wp:attachment":[{"href":"https:\/\/agmais.pt\/fr\/wp-json\/wp\/v2\/media?parent=6325065"}],"wp:term":[{"taxonomy":"product_brand","embeddable":true,"href":"https:\/\/agmais.pt\/fr\/wp-json\/wp\/v2\/product_brand?post=6325065"},{"taxonomy":"product_cat","embeddable":true,"href":"https:\/\/agmais.pt\/fr\/wp-json\/wp\/v2\/product_cat?post=6325065"},{"taxonomy":"product_tag","embeddable":true,"href":"https:\/\/agmais.pt\/fr\/wp-json\/wp\/v2\/product_tag?post=6325065"}],"curies":[{"name":"wp","href":"https:\/\/api.w.org\/{rel}","templated":true}]}}