{"id":6325070,"date":"2020-07-30T07:42:10","date_gmt":"2020-07-30T07:42:10","guid":{"rendered":"https:\/\/agmais.pt\/?post_type=product&#038;p=6325070"},"modified":"2021-03-26T21:49:01","modified_gmt":"2021-03-26T21:49:01","slug":"pack-b-planeamento-de-marketing","status":"publish","type":"product","link":"https:\/\/agmais.pt\/fr\/produit\/pack-b-planeamento-de-marketing\/","title":{"rendered":"PACK B &#8211; Planeamento de marketing"},"content":{"rendered":"","protected":false},"excerpt":{"rendered":"<p>Consultoria de marketing: elabora\u00e7\u00e3o de planos de marketing e apoio na implementa\u00e7\u00e3o \u2013 estrat\u00e9gias de publicidade, marketing direto, eventos, rela\u00e7\u00f5es p\u00fablicas, vendas (at\u00e9 10 produtos)<\/p>\n","protected":false},"featured_media":6325202,"comment_status":"open","ping_status":"closed","template":"","meta":{"_acf_changed":false},"product_brand":[],"product_cat":[179,52],"product_tag":[],"class_list":{"0":"post-6325070","1":"product","2":"type-product","3":"status-publish","4":"has-post-thumbnail","6":"product_cat-marketing","7":"product_cat-planos-marketing","9":"first","10":"instock","11":"virtual","12":"taxable","13":"purchasable","14":"product-type-simple"},"acf":[],"jetpack_sharing_enabled":true,"_links":{"self":[{"href":"https:\/\/agmais.pt\/fr\/wp-json\/wp\/v2\/product\/6325070","targetHints":{"allow":["GET"]}}],"collection":[{"href":"https:\/\/agmais.pt\/fr\/wp-json\/wp\/v2\/product"}],"about":[{"href":"https:\/\/agmais.pt\/fr\/wp-json\/wp\/v2\/types\/product"}],"replies":[{"embeddable":true,"href":"https:\/\/agmais.pt\/fr\/wp-json\/wp\/v2\/comments?post=6325070"}],"wp:featuredmedia":[{"embeddable":true,"href":"https:\/\/agmais.pt\/fr\/wp-json\/wp\/v2\/media\/6325202"}],"wp:attachment":[{"href":"https:\/\/agmais.pt\/fr\/wp-json\/wp\/v2\/media?parent=6325070"}],"wp:term":[{"taxonomy":"product_brand","embeddable":true,"href":"https:\/\/agmais.pt\/fr\/wp-json\/wp\/v2\/product_brand?post=6325070"},{"taxonomy":"product_cat","embeddable":true,"href":"https:\/\/agmais.pt\/fr\/wp-json\/wp\/v2\/product_cat?post=6325070"},{"taxonomy":"product_tag","embeddable":true,"href":"https:\/\/agmais.pt\/fr\/wp-json\/wp\/v2\/product_tag?post=6325070"}],"curies":[{"name":"wp","href":"https:\/\/api.w.org\/{rel}","templated":true}]}}