{"id":6325086,"date":"2020-08-01T16:25:41","date_gmt":"2020-08-01T16:25:41","guid":{"rendered":"https:\/\/agmais.pt\/?post_type=product&#038;p=6325086"},"modified":"2020-08-25T22:35:05","modified_gmt":"2020-08-25T22:35:05","slug":"pack-b-plataformas","status":"publish","type":"product","link":"https:\/\/agmais.pt\/fr\/produit\/pack-b-plataformas\/","title":{"rendered":"PACK B &#8211; Plataformas SEO, SEA e online marketing"},"content":{"rendered":"","protected":false},"excerpt":{"rendered":"<p>Cria\u00e7\u00e3o e configura\u00e7\u00e3o dos perfis nas plataformas SEO, SEA e Online Marketing (Google My Business, Google Adwords, Google Analytics, Google Alerts)<\/p>\n","protected":false},"featured_media":6325193,"comment_status":"open","ping_status":"closed","template":"","meta":{"_acf_changed":false},"product_brand":[],"product_cat":[179,180],"product_tag":[],"class_list":{"0":"post-6325086","1":"product","2":"type-product","3":"status-publish","4":"has-post-thumbnail","6":"product_cat-marketing","7":"product_cat-marketing-digital","9":"first","10":"instock","11":"virtual","12":"taxable","13":"purchasable","14":"product-type-simple"},"acf":[],"jetpack_sharing_enabled":true,"_links":{"self":[{"href":"https:\/\/agmais.pt\/fr\/wp-json\/wp\/v2\/product\/6325086","targetHints":{"allow":["GET"]}}],"collection":[{"href":"https:\/\/agmais.pt\/fr\/wp-json\/wp\/v2\/product"}],"about":[{"href":"https:\/\/agmais.pt\/fr\/wp-json\/wp\/v2\/types\/product"}],"replies":[{"embeddable":true,"href":"https:\/\/agmais.pt\/fr\/wp-json\/wp\/v2\/comments?post=6325086"}],"wp:featuredmedia":[{"embeddable":true,"href":"https:\/\/agmais.pt\/fr\/wp-json\/wp\/v2\/media\/6325193"}],"wp:attachment":[{"href":"https:\/\/agmais.pt\/fr\/wp-json\/wp\/v2\/media?parent=6325086"}],"wp:term":[{"taxonomy":"product_brand","embeddable":true,"href":"https:\/\/agmais.pt\/fr\/wp-json\/wp\/v2\/product_brand?post=6325086"},{"taxonomy":"product_cat","embeddable":true,"href":"https:\/\/agmais.pt\/fr\/wp-json\/wp\/v2\/product_cat?post=6325086"},{"taxonomy":"product_tag","embeddable":true,"href":"https:\/\/agmais.pt\/fr\/wp-json\/wp\/v2\/product_tag?post=6325086"}],"curies":[{"name":"wp","href":"https:\/\/api.w.org\/{rel}","templated":true}]}}