{"id":6325131,"date":"2020-08-03T15:47:21","date_gmt":"2020-08-03T15:47:21","guid":{"rendered":"https:\/\/agmais.pt\/?post_type=product&#038;p=6325131"},"modified":"2021-08-25T17:04:24","modified_gmt":"2021-08-25T17:04:24","slug":"alojamento-website","status":"publish","type":"product","link":"https:\/\/agmais.pt\/fr\/produit\/alojamento-website\/","title":{"rendered":"Alojamento de website"},"content":{"rendered":"","protected":false},"excerpt":{"rendered":"<p class=\"subtitle\">Alojamento em espa\u00e7o web com limite a acordar com o cliente (valor m\u00ednimo anual, sem manuten\u00e7\u00e3o)<\/p>\n<p><\/br><\/p>\n","protected":false},"featured_media":6325171,"comment_status":"open","ping_status":"closed","template":"","meta":{"_acf_changed":false},"product_brand":[],"product_cat":[69,183],"product_tag":[],"class_list":{"0":"post-6325131","1":"product","2":"type-product","3":"status-publish","4":"has-post-thumbnail","6":"product_cat-web","7":"product_cat-websites","9":"first","10":"instock","11":"virtual","12":"taxable","13":"purchasable","14":"product-type-simple"},"acf":[],"jetpack_sharing_enabled":true,"_links":{"self":[{"href":"https:\/\/agmais.pt\/fr\/wp-json\/wp\/v2\/product\/6325131","targetHints":{"allow":["GET"]}}],"collection":[{"href":"https:\/\/agmais.pt\/fr\/wp-json\/wp\/v2\/product"}],"about":[{"href":"https:\/\/agmais.pt\/fr\/wp-json\/wp\/v2\/types\/product"}],"replies":[{"embeddable":true,"href":"https:\/\/agmais.pt\/fr\/wp-json\/wp\/v2\/comments?post=6325131"}],"wp:featuredmedia":[{"embeddable":true,"href":"https:\/\/agmais.pt\/fr\/wp-json\/wp\/v2\/media\/6325171"}],"wp:attachment":[{"href":"https:\/\/agmais.pt\/fr\/wp-json\/wp\/v2\/media?parent=6325131"}],"wp:term":[{"taxonomy":"product_brand","embeddable":true,"href":"https:\/\/agmais.pt\/fr\/wp-json\/wp\/v2\/product_brand?post=6325131"},{"taxonomy":"product_cat","embeddable":true,"href":"https:\/\/agmais.pt\/fr\/wp-json\/wp\/v2\/product_cat?post=6325131"},{"taxonomy":"product_tag","embeddable":true,"href":"https:\/\/agmais.pt\/fr\/wp-json\/wp\/v2\/product_tag?post=6325131"}],"curies":[{"name":"wp","href":"https:\/\/api.w.org\/{rel}","templated":true}]}}