{"id":6325228,"date":"2020-09-12T15:45:25","date_gmt":"2020-09-12T15:45:25","guid":{"rendered":"http:\/\/agmais.store\/?post_type=product&#038;p=6325228"},"modified":"2021-08-24T00:19:26","modified_gmt":"2021-08-24T00:19:26","slug":"pack-a-traducao-linguagem-corrente","status":"publish","type":"product","link":"https:\/\/agmais.pt\/fr\/produit\/pack-a-traducao-linguagem-corrente\/","title":{"rendered":"PACK A &#8211; Tradu\u00e7\u00e3o linguagem corrente"},"content":{"rendered":"<p>Tradu\u00e7\u00e3o de conte\u00fados em linguagem corrente<\/p>\n","protected":false},"excerpt":{"rendered":"<p>Tradu\u00e7\u00e3o de conte\u00fados em linguagem corrente<\/p>\n","protected":false},"featured_media":6325229,"comment_status":"open","ping_status":"closed","template":"","meta":{"_acf_changed":false},"product_brand":[],"product_cat":[223],"product_tag":[],"class_list":{"0":"post-6325228","1":"product","2":"type-product","3":"status-publish","4":"has-post-thumbnail","6":"product_cat-traducao-de-conteudos","8":"first","9":"instock","10":"virtual","11":"taxable","12":"purchasable","13":"product-type-simple"},"acf":[],"jetpack_sharing_enabled":true,"_links":{"self":[{"href":"https:\/\/agmais.pt\/fr\/wp-json\/wp\/v2\/product\/6325228","targetHints":{"allow":["GET"]}}],"collection":[{"href":"https:\/\/agmais.pt\/fr\/wp-json\/wp\/v2\/product"}],"about":[{"href":"https:\/\/agmais.pt\/fr\/wp-json\/wp\/v2\/types\/product"}],"replies":[{"embeddable":true,"href":"https:\/\/agmais.pt\/fr\/wp-json\/wp\/v2\/comments?post=6325228"}],"wp:featuredmedia":[{"embeddable":true,"href":"https:\/\/agmais.pt\/fr\/wp-json\/wp\/v2\/media\/6325229"}],"wp:attachment":[{"href":"https:\/\/agmais.pt\/fr\/wp-json\/wp\/v2\/media?parent=6325228"}],"wp:term":[{"taxonomy":"product_brand","embeddable":true,"href":"https:\/\/agmais.pt\/fr\/wp-json\/wp\/v2\/product_brand?post=6325228"},{"taxonomy":"product_cat","embeddable":true,"href":"https:\/\/agmais.pt\/fr\/wp-json\/wp\/v2\/product_cat?post=6325228"},{"taxonomy":"product_tag","embeddable":true,"href":"https:\/\/agmais.pt\/fr\/wp-json\/wp\/v2\/product_tag?post=6325228"}],"curies":[{"name":"wp","href":"https:\/\/api.w.org\/{rel}","templated":true}]}}